{"id":117,"date":"2022-01-09T23:51:28","date_gmt":"2022-01-09T23:51:28","guid":{"rendered":"https:\/\/ema.xn--puhatajamngida-eib.ee\/?page_id=117"},"modified":"2022-01-10T23:53:14","modified_gmt":"2022-01-10T23:53:14","slug":"nimekiri-eestikeelsetest-mangudest","status":"publish","type":"page","link":"https:\/\/ema.xn--puhatajamngida-eib.ee\/?page_id=117","title":{"rendered":"Nimekiri eestikeelsetest m\u00e4ngudest"},"content":{"rendered":"\n<p>Kui leiad, et nimekirjast on midagi puudu, anna teada aadressil pixelpez [at] gmail.com<\/p>\n\n\n\n<p><\/p>\n\n\n\n<div class=\"wp-block-group\"><div class=\"wp-block-group__inner-container is-layout-flow wp-block-group-is-layout-flow\">\n<div class=\"wp-block-columns is-layout-flex wp-container-core-columns-is-layout-9d6595d7 wp-block-columns-is-layout-flex\">\n<div class=\"wp-block-column is-layout-flow wp-block-column-is-layout-flow\" style=\"flex-basis:100%\">\n<figure class=\"wp-block-table is-style-regular\"><table><tbody><tr><td>1410: Teutoonide Viimane R\u00fcnnak<\/td><\/tr><tr><td>1944: Lahing K\u00fcngastel <\/td><\/tr><tr><td>20 Ol\u00fcmpiastarti <\/td><\/tr><tr><td>4 Head S\u00f5pra (3 Head s\u00f5pra?)<\/td><\/tr><tr><td>7 Pattu <\/td><\/tr><tr><td>Air Attack (\u00d5hur\u00fcnnak) <\/td><\/tr><tr><td>Airilne Tycoon Evolutsioon<\/td><\/tr><tr><td>Alguse Asi I (3-7 aastastele) <\/td><\/tr><tr><td>Alguse Asi II (5-12 aastastele)<\/td><\/tr><tr><td>Antant <\/td><\/tr><tr><td>Apache 2 <\/td><\/tr><tr><td>City Life<\/td><\/tr><tr><td><a href=\"https:\/\/ema.xn--puhatajamngida-eib.ee\/?p=85\">Crime Scene Manhattan <\/a><\/td><\/tr><tr><td>D-Day<\/td><\/tr><tr><td>Deadhunt<\/td><\/tr><tr><td>Dead To Rights 2<\/td><\/tr><tr><td>Echelon<\/td><\/tr><tr><td>Euro Rally Champion<\/td><\/tr><tr><td>Europa Universalis II<\/td><\/tr><tr><td>Ford Racing 2<\/td><\/tr><tr><td>Ford Racing 3<\/td><\/tr><tr><td>Frater<\/td><\/tr><tr><td><a href=\"https:\/\/ema.xn--puhatajamngida-eib.ee\/?p=140\">GISH <\/a><\/td><\/tr><tr><td>Hard Truck: Rekkamehed<\/td><\/tr><tr><td>Hired Team Trial: Gold<\/td><\/tr><tr><td>Hugo M\u00e4ngupood<\/td><\/tr><tr><td>Hullud Tunnelis\u00f5idud<\/td><\/tr><tr><td>Jaanalindude V\u00f5idujooks<\/td><\/tr><tr><td>Jalgrattam\u00e4ng+Siia-sinna l\u00e4bi linna<\/td><\/tr><tr><td>Johanna Kooliabi-Matemaatikaralli PC<\/td><\/tr><tr><td>Johanna Kooliabi-M\u00fcsteerium Londonis PC<\/td><\/tr><tr><td>Johanna Kooliabi-T\u00e4hed\u017eungel PC<\/td><\/tr><tr><td>Johanna Kooliab 4: Teekond Kehas<\/td><\/tr><tr><td>Juura Ajastu Magnaat<\/td><\/tr><tr><td>J\u00fcri\u00f6\u00f6 PC<\/td><\/tr><tr><td>Kangelaste Lahing<\/td><\/tr><tr><td>Karupoja Seiklused<\/td><\/tr><tr><td>Kass Leopoldi Suvila<\/td><\/tr><tr><td>Keskaja Isandad <\/td><\/tr><tr><td>Keskaja Kuningad<\/td><\/tr><tr><td>Kokomandos<\/td><\/tr><tr><td>Kolm Musket\u00e4ri<\/td><\/tr><tr><td>Kolm S\u00f5pra Prostokvashinost: Aaretejahil <\/td><\/tr><tr><td>Kolm S\u00f5pra Prostokvashinost: Seiklused Parvel<\/td><\/tr><tr><td>K\u00f5rberotid vs. Korpus &#8220;Aafrika&#8221;<\/td><\/tr><tr><td>K\u00f5rberebane Bubsy<\/td><\/tr><tr><td>K\u00e4\u00e4bus Nina<\/td><\/tr><tr><td>Liiklusm\u00e4ng &#8220;Siia-sinna l\u00e4bi linna&#8221; <\/td><\/tr><tr><td>Loomade Jalgpall<\/td><\/tr><tr><td>Lumik<\/td><\/tr><tr><td>Lumik: Puzzle Saared<\/td><\/tr><tr><td>Lumik: Seiklused Kosmoses<\/td><\/tr><tr><td>L\u00e4\u00e4nemere Isandad <\/td><\/tr><tr><td>Mehhanoidid <\/td><\/tr><tr><td>MicroCommandos<\/td><\/tr><tr><td>Moskva to Berlin<\/td><\/tr><tr><td>Nitro Family <\/td><\/tr><tr><td><a href=\"https:\/\/ema.xn--puhatajamngida-eib.ee\/wp-admin\/post.php?post=49\">Oota Sa! J\u00e4nesejaht<\/a><\/td><\/tr><tr><td>Oota Sa 2<\/td><\/tr><tr><td>Oota Sa! 3: J\u00e4nese Laulud<\/td><\/tr><tr><td>Oota sa 4: Tagaajamised <\/td><\/tr><tr><td>Painkiller <\/td><\/tr><tr><td>Paksukese Seiklused<\/td><\/tr><tr><td>Papagoi Tagasitulek<\/td><\/tr><tr><td>Partnerid<\/td><\/tr><tr><td>Peetrikese seiklused Aafrikas<\/td><\/tr><tr><td>P\u00f5hjala Saaga <\/td><\/tr><tr><td><a href=\"https:\/\/ema.xn--puhatajamngida-eib.ee\/?p=150\">Pop Life<\/a><\/td><\/tr><tr><td>Project Earth: Uue Maa Otsingud<\/td><\/tr><tr><td>Punane Hai<\/td><\/tr><tr><td>Puzzle Saared<\/td><\/tr><tr><td>Raudtees\u00f5jad<\/td><\/tr><tr><td>RC Cars Raadiorallikas<\/td><\/tr><tr><td>Retke Revolutsioon PC<\/td><\/tr><tr><td>RPM Tuning<\/td><\/tr><tr><td>R\u00fchm<\/td><\/tr><tr><td>R\u00fcnnak L\u00e4\u00e4nerinne<\/td><\/tr><tr><td>R\u00e4ndur Tilk ehk Veem\u00e4ng<\/td><\/tr><tr><td>Sauruste saar<\/td><\/tr><tr><td>Seiklused Kosmoses<\/td><\/tr><tr><td>S\u00f5durid: Teise Maailmas\u00f5ja Kangelased<\/td><\/tr><tr><td>Starsky &amp; Hutch<\/td><\/tr><tr><td>Surmajaht (Deadhunt) <\/td><\/tr><tr><td>Suur V\u00f5idus\u00f5it!<\/td><\/tr><tr><td>Suure Mamma Rekkad (2 versiooni)<\/td><\/tr><tr><td>Taevas\u00f5durid<\/td><\/tr><tr><td>Teadmiste Torn<\/td><\/tr><tr><td>Timmu<\/td><\/tr><tr><td>Totaalne H\u00e4ving \/ Devastation <\/td><\/tr><tr><td>Totu Kuul <\/td><\/tr><tr><td>TrickTrack: Ekstreemne V\u00f5idus\u00f5it <\/td><\/tr><tr><td><a href=\"https:\/\/ema.xn--puhatajamngida-eib.ee\/?p=101\">Tulet\u00f5rjekapten <\/a><\/td><\/tr><tr><td>Tulet\u00f5rjekomando <\/td><\/tr><tr><td>T\u00e4itsa Toru <\/td><\/tr><tr><td>Vahva Reis<\/td><\/tr><tr><td>Vaprad p\u00e4kapikud <\/td><\/tr><tr><td>Vivisector<\/td><\/tr><tr><td>Xpand Rally <\/td><\/tr><tr><td><\/td><\/tr><\/tbody><\/table><\/figure>\n<\/div>\n<\/div>\n<\/div><\/div>\n","protected":false},"excerpt":{"rendered":"<p>Kui leiad, et nimekirjast on midagi puudu, anna teada aadressil pixelpez [at] gmail.com 1410: Teutoonide Viimane R\u00fcnnak 1944: Lahing K\u00fcngastel 20 Ol\u00fcmpiastarti 4 Head S\u00f5pra (3 Head s\u00f5pra?)&#8230;<\/p>\n","protected":false},"author":1,"featured_media":0,"parent":0,"menu_order":0,"comment_status":"closed","ping_status":"closed","template":"","meta":{"ngg_post_thumbnail":0,"pgc_sgb_lightbox_settings":"","footnotes":""},"class_list":["post-117","page","type-page","status-publish","hentry"],"_links":{"self":[{"href":"https:\/\/ema.xn--puhatajamngida-eib.ee\/index.php?rest_route=\/wp\/v2\/pages\/117","targetHints":{"allow":["GET"]}}],"collection":[{"href":"https:\/\/ema.xn--puhatajamngida-eib.ee\/index.php?rest_route=\/wp\/v2\/pages"}],"about":[{"href":"https:\/\/ema.xn--puhatajamngida-eib.ee\/index.php?rest_route=\/wp\/v2\/types\/page"}],"author":[{"embeddable":true,"href":"https:\/\/ema.xn--puhatajamngida-eib.ee\/index.php?rest_route=\/wp\/v2\/users\/1"}],"replies":[{"embeddable":true,"href":"https:\/\/ema.xn--puhatajamngida-eib.ee\/index.php?rest_route=%2Fwp%2Fv2%2Fcomments&post=117"}],"version-history":[{"count":4,"href":"https:\/\/ema.xn--puhatajamngida-eib.ee\/index.php?rest_route=\/wp\/v2\/pages\/117\/revisions"}],"predecessor-version":[{"id":180,"href":"https:\/\/ema.xn--puhatajamngida-eib.ee\/index.php?rest_route=\/wp\/v2\/pages\/117\/revisions\/180"}],"wp:attachment":[{"href":"https:\/\/ema.xn--puhatajamngida-eib.ee\/index.php?rest_route=%2Fwp%2Fv2%2Fmedia&parent=117"}],"curies":[{"name":"wp","href":"https:\/\/api.w.org\/{rel}","templated":true}]}}