{"id":2,"date":"2022-01-07T10:18:39","date_gmt":"2022-01-07T10:18:39","guid":{"rendered":"https:\/\/ema.xn--puhatajamngida-eib.ee\/?page_id=2"},"modified":"2022-01-10T23:01:42","modified_gmt":"2022-01-10T23:01:42","slug":"sample-page","status":"publish","type":"page","link":"https:\/\/ema.xn--puhatajamngida-eib.ee\/?page_id=2","title":{"rendered":"Millega tegu?"},"content":{"rendered":"\n<p>Aastatel 2002-2009 anti Eestis AS Andrico ja ASE Computers poolt v\u00e4lja k\u00fcmneid eestikeelseid m\u00e4nge. V\u00f5ib julgelt \u00f6elda, et enamik polnud head m\u00e4ngud, pigem veidrad v\u00e4ikeste Ida-Euroopa arendajate v\u00e4ljalasked, kuid sellegipoolest olulised, paljudele esimeseks kokkupuuteks m\u00e4ngundusega \u00fcldse ning s\u00f5ltumata headusest tugeva nostalgiav\u00e4\u00e4rtusega ja siiski oluline osa Eesti m\u00e4ngunduse ajaloost. Kui m\u00f5lemad v\u00e4ljaandjad turult kadusid, kadus ka pea terve informatsioon internetist, mida leiab vaid jupiti Waybackmachine&#8217;ist. Siinkohal tuleb m\u00e4ngu k\u00e4esolev projekt.<\/p>\n\n\n\n<blockquote class=\"wp-block-quote is-layout-flow wp-block-quote-is-layout-flow\"><p>Mina olen Rainer Peterson, olen juhtinud viimased 10 aastat podcasti &#8220;Puhata ja m\u00e4ngida&#8221; ning mul on alati olnud tugev huvi retrom\u00e4ngunduse ja m\u00e4nguajaloo vastu.<\/p><\/blockquote>\n\n\n\n<p>Minu eesm\u00e4rgiks on siia lehele koondada k\u00f5ik teadaolevad v\u00e4ljalasked, arhiveerida plaatide sisu, skanneerida vahelehed ja \u00fcmbrised ja need avaldada k\u00f5igile kasutamiseks ja s\u00e4ilitamiseks. V\u00f5imalusel ka lisada teadaolevad autorid ning muu lisamaterjal, kas m\u00e4ngu on v\u00f5imalik t\u00e4nap\u00e4evaste arvutitega m\u00e4ngida ning loodetavasti ka link arhiivile. <\/p>\n\n\n\n<p>Mul ei ole kindlasti huvi k\u00f5iki neid m\u00e4nge endale riiulisse koguda, vaid eelistaksin need laenata ja arhiveerida, kui vajadusel pean ostma, plaanin m\u00e4ngu edasi annetada LVLUp! muuseumile, v\u00f5i pakun vahetuseks.<\/p>\n\n\n\n<p>Kui l\u00f5puks peaksid k\u00f5ik m\u00e4ngud saama skanneeritud ja arhiveeritud, siis ehk tuleks need k\u00f5ik koondada n\u00e4ituseks v\u00f5i tr\u00fckiseks, kuid esialgu elavad k\u00f5ik materjalid siin veebilehel.<\/p>\n\n\n\n<p>K\u00f5ik materjalid on sisse skaneeritud v\u00f5imalikult hea kvaliteediga, kuid tuleb arvestastada, et juba tr\u00fckitud materjalist on raske saada nii head kvaliteeti, kui oli originaalfail, mida saada on \u00fcsna ebat\u00f5en\u00e4oline. Siiski on vajadusel v\u00f5imalik saada igast failist 1200 dpi versiooni, kui seda peaks olema vaja, v\u00f5i tekib n\u00e4iteks v\u00f5imalus AI abil pilti \u00fcles skaleerida. <\/p>\n\n\n\n<blockquote class=\"wp-block-quote is-layout-flow wp-block-quote-is-layout-flow\"><p><strong>Oluline: k\u00f5ik skanneeritud materjalid on vabaks kasutamiseks, ilma k\u00fcsimata! K\u00fcll aga ei ole need vabaks edasim\u00fc\u00fcgiks v\u00f5i uuestitr\u00fckiks! <\/strong><\/p><\/blockquote>\n\n\n\n<p>Kui soovid teha Youtube video thumbnaili, leiad jagamiseks naljaka tsitaadi v\u00f5i tahad m\u00f5ne kaane meemiks keerata, anna minna! <\/p>\n\n\n\n<p>Kui sulle tundub, et midagi on puudu v\u00f5i valesti, anna sellest julgelt teada ja v\u00f5imalusel teeme ringi v\u00f5i lisame! Igal juhul head brausimist ja loodetavasti see tabab m\u00f5nda nostalgian\u00e4rvi ja koos suudame s\u00e4ilitada t\u00fcki Eesti m\u00e4ngunduse ajalugu!<\/p>\n\n\n\n<p><\/p>\n\n\n\n<figure class=\"wp-block-pullquote\"><blockquote><p>Rain<em>er<\/em><\/p><\/blockquote><\/figure>\n","protected":false},"excerpt":{"rendered":"<p>Aastatel 2002-2009 anti Eestis AS Andrico ja ASE Computers poolt v\u00e4lja k\u00fcmneid eestikeelseid m\u00e4nge. V\u00f5ib julgelt \u00f6elda, et enamik polnud head m\u00e4ngud, pigem veidrad v\u00e4ikeste Ida-Euroopa arendajate v\u00e4ljalasked,&#8230;<\/p>\n","protected":false},"author":1,"featured_media":0,"parent":0,"menu_order":0,"comment_status":"closed","ping_status":"open","template":"","meta":{"ngg_post_thumbnail":0,"pgc_sgb_lightbox_settings":"","footnotes":""},"class_list":["post-2","page","type-page","status-publish","hentry"],"_links":{"self":[{"href":"https:\/\/ema.xn--puhatajamngida-eib.ee\/index.php?rest_route=\/wp\/v2\/pages\/2","targetHints":{"allow":["GET"]}}],"collection":[{"href":"https:\/\/ema.xn--puhatajamngida-eib.ee\/index.php?rest_route=\/wp\/v2\/pages"}],"about":[{"href":"https:\/\/ema.xn--puhatajamngida-eib.ee\/index.php?rest_route=\/wp\/v2\/types\/page"}],"author":[{"embeddable":true,"href":"https:\/\/ema.xn--puhatajamngida-eib.ee\/index.php?rest_route=\/wp\/v2\/users\/1"}],"replies":[{"embeddable":true,"href":"https:\/\/ema.xn--puhatajamngida-eib.ee\/index.php?rest_route=%2Fwp%2Fv2%2Fcomments&post=2"}],"version-history":[{"count":3,"href":"https:\/\/ema.xn--puhatajamngida-eib.ee\/index.php?rest_route=\/wp\/v2\/pages\/2\/revisions"}],"predecessor-version":[{"id":178,"href":"https:\/\/ema.xn--puhatajamngida-eib.ee\/index.php?rest_route=\/wp\/v2\/pages\/2\/revisions\/178"}],"wp:attachment":[{"href":"https:\/\/ema.xn--puhatajamngida-eib.ee\/index.php?rest_route=%2Fwp%2Fv2%2Fmedia&parent=2"}],"curies":[{"name":"wp","href":"https:\/\/api.w.org\/{rel}","templated":true}]}}